{"id":4341,"date":"2021-02-18T12:24:52","date_gmt":"2021-02-18T10:24:52","guid":{"rendered":"https:\/\/ionianseaways.com\/politika-jon-e-mbrojtjes-virusit-coronavirus-covid-19\/"},"modified":"2021-02-18T12:29:24","modified_gmt":"2021-02-18T10:29:24","slug":"politika-jon-e-mbrojtjes-virusit-coronavirus-covid-19","status":"publish","type":"page","link":"https:\/\/ionianseaways.com\/sq\/politika-jon-e-mbrojtjes-virusit-coronavirus-covid-19\/","title":{"rendered":"POLITIKA JON E MBROJTJES  VIRUSIT &#8211; CORONAVIRUS (COVID-19)"},"content":{"rendered":"<p>Nd\u00ebrsa bota lundron n\u00eb pandemin\u00eb e vazhdueshme COVID-19, ne n\u00eb Ionian Seaways po ndjekim vazhdimisht k\u00ebshillat dhe rekomandimet m\u00eb t\u00eb fundit nga Qeveria Greke p\u00ebr t\u00eb siguruar q\u00eb anijet tona t\u00eb operohen n\u00eb nj\u00eb mjedis t\u00eb sigurt dhe t\u00eb past\u00ebr.<\/p>\n<p>T\u00eb gjith\u00eb operator\u00ebt e trageteve, turneve dhe ekskursioneve n\u00eb t\u00eb gjith\u00eb Greqin\u00eb jan\u00eb pajisur me informacion dhe rekomandime n\u00eb lidhje me COVID-19 s\u00eb bashku me udh\u00ebzimet e menaxhimit dhe t\u00eb funksionimit.<\/p>\n<p>GARSIMI I SIGURIS\u00cb T\u00cb VIZITORVE \u03a4A\u039d\u00cb<\/p>\n<ul>\n<li>Fokusi i shtuar n\u00eb higjien\u00ebn e duarve n\u00eb anijet tona dhe gjat\u00eb udh\u00ebtimit ton\u00eb.<\/li>\n<li>Procedurat e rritura t\u00eb pastrimit dhe higjien\u00ebs para, gjat\u00eb dhe pas \u00e7do udh\u00ebtimi.<\/li>\n<li>Mir\u00ebmbajtja e distanc\u00ebs s\u00eb rekomanduar sociale gjat\u00eb udh\u00ebtimit ton\u00eb.<\/li>\n<li>Sigurimi q\u00eb pastruesit e duarve me baz\u00eb alkooli jan\u00eb n\u00eb dispozicion n\u00eb anije.<\/li>\n<li>Duke patur udh\u00ebzime t\u00eb qarta dhe koncize p\u00ebr vizitor\u00ebt tan\u00eb kur hipin n\u00eb anijet tona.<\/li>\n<\/ul>\n<p>&nbsp;<\/p>\n<p>SI MUND T\u00cb NDIHMONI?<\/p>\n<ul>\n<li>Lani duart rregullisht me nj\u00eb pastrues me baz\u00eb alkooli, ose me uj\u00eb dhe sapun.<\/li>\n<li>Duke respektuar rregullat e distancimit shoq\u00ebror p\u00ebr t\u00eb cilat do t&#8217;ju informojm\u00eb nd\u00ebrsa hipni.<\/li>\n<li>Shmangni prekjen e syve, hund\u00ebs dhe goj\u00ebs.<\/li>\n<li>Informimi i nj\u00eb an\u00ebtari t\u00eb ekuipazhit menj\u00ebher\u00eb n\u00ebse po shfaqni ndonj\u00eb simptom\u00eb.<\/li>\n<li>Q\u00ebndroni n\u00eb sht\u00ebpi n\u00ebse ndiheni keq.<\/li>\n<\/ul>\n<p>&nbsp;<\/p>\n<p>Ne kemi p\u00ebrgatitur udh\u00ebzime p\u00ebr udh\u00ebtar\u00ebt me rrezik t\u00eb lart\u00eb (t\u00eb moshuarit dhe njer\u00ebzit me probleme sh\u00ebndet\u00ebsore) t\u00eb cilat mund t\u00eb gjenden n\u00eb <a href=\"https:\/\/ionianseaways.com\/wp-content\/uploads\/2020\/07\/ENHMERWSH-EN.pdf\">Anglisht<\/a> dhe <a href=\"https:\/\/ionianseaways.com\/wp-content\/uploads\/2020\/07\/ENHMERWSH-GR.pdf\">Greqisht<\/a>.<\/p>\n<p>P\u00ebr informacion t\u00eb azhurnuar dhe detaje t\u00eb m\u00ebtejshme,shihni lidhjet e m\u00ebposhtme:<br \/>\n<a href=\"http:\/\/www.who.int\/\" target=\"_blank\" rel=\"noopener\">Organizata Bot\u00ebrore e Sh\u00ebndet\u00ebsis\u00eb<\/a><br \/>\n<a href=\"http:\/\/ec.europa.eu\/\" target=\"_blank\" rel=\"noopener\">Komisioni Europian<\/a><br \/>\n<a href=\"http:\/\/eody.gov.gr\/\" target=\"_blank\" rel=\"noopener\">Organizata Komb\u00ebtare Greke e Sh\u00ebndetit Publik<\/a><\/p>\n<p>Ju lutemi shikoni faqen ton\u00eb t\u00eb blogut p\u00ebr azhurnimet m\u00eb t\u00eb fundit.<\/p>\n<p>Mos hezitoni t\u00eb na <a href=\"https:\/\/ionianseaways.com\/contact\/\">kontaktoni<\/a> p\u00ebrmes faqes ton\u00eb t\u00eb kontaktit n\u00ebse keni nevoj\u00eb p\u00ebr m\u00eb shum\u00eb informacion .<\/p>\n<p>Faleminderit p\u00ebr durimin tuaj t\u00eb vazhduesh\u00ebm. Ne shpresojm\u00eb q\u00eb t&#8217;ju mir\u00ebpresim p\u00ebrs\u00ebri .<\/p>\n","protected":false},"excerpt":{"rendered":"<p>Nd\u00ebrsa bota lundron n\u00eb pandemin\u00eb e vazhdueshme COVID-19, ne n\u00eb Ionian Seaways po ndjekim vazhdimisht k\u00ebshillat dhe rekomandimet m\u00eb t\u00eb fundit nga Qeveria Greke p\u00ebr t\u00eb siguruar q\u00eb anijet tona t\u00eb operohen n\u00eb nj\u00eb mjedis t\u00eb sigurt dhe t\u00eb past\u00ebr. T\u00eb gjith\u00eb operator\u00ebt e trageteve,&#8230;<\/p>\n","protected":false},"author":1,"featured_media":0,"parent":0,"menu_order":0,"comment_status":"closed","ping_status":"closed","template":"terms-template.php","meta":{"footnotes":""},"class_list":["post-4341","page","type-page","status-publish","hentry"],"acf":[],"_links":{"self":[{"href":"https:\/\/ionianseaways.com\/sq\/wp-json\/wp\/v2\/pages\/4341","targetHints":{"allow":["GET"]}}],"collection":[{"href":"https:\/\/ionianseaways.com\/sq\/wp-json\/wp\/v2\/pages"}],"about":[{"href":"https:\/\/ionianseaways.com\/sq\/wp-json\/wp\/v2\/types\/page"}],"author":[{"embeddable":true,"href":"https:\/\/ionianseaways.com\/sq\/wp-json\/wp\/v2\/users\/1"}],"replies":[{"embeddable":true,"href":"https:\/\/ionianseaways.com\/sq\/wp-json\/wp\/v2\/comments?post=4341"}],"version-history":[{"count":3,"href":"https:\/\/ionianseaways.com\/sq\/wp-json\/wp\/v2\/pages\/4341\/revisions"}],"predecessor-version":[{"id":4344,"href":"https:\/\/ionianseaways.com\/sq\/wp-json\/wp\/v2\/pages\/4341\/revisions\/4344"}],"wp:attachment":[{"href":"https:\/\/ionianseaways.com\/sq\/wp-json\/wp\/v2\/media?parent=4341"}],"curies":[{"name":"wp","href":"https:\/\/api.w.org\/{rel}","templated":true}]}}